{"id":102,"date":"2022-08-22T12:40:14","date_gmt":"2022-08-22T12:40:14","guid":{"rendered":"http:\/\/nyhemsida.elinstallatorenab.se\/?page_id=102"},"modified":"2022-10-04T10:54:11","modified_gmt":"2022-10-04T10:54:11","slug":"homepage","status":"publish","type":"page","link":"https:\/\/elinstallatorenab.se\/","title":{"rendered":"Homepage"},"content":{"rendered":"\t\t<div data-elementor-type=\"wp-page\" data-elementor-id=\"102\" class=\"elementor elementor-102\">\n\t\t\t\t\t\t\t\t\t<section class=\"elementor-section elementor-top-section elementor-element elementor-element-94f63f4 elementor-section-height-min-height elementor-section-boxed elementor-section-height-default elementor-section-items-middle\" data-id=\"94f63f4\" data-element_type=\"section\" data-settings=\"{&quot;background_background&quot;:&quot;classic&quot;}\">\n\t\t\t\t\t\t\t<div class=\"elementor-background-overlay\"><\/div>\n\t\t\t\t\t\t\t<div class=\"elementor-container elementor-column-gap-default\">\n\t\t\t\t\t<div class=\"elementor-column elementor-col-100 elementor-top-column elementor-element elementor-element-51c303e\" data-id=\"51c303e\" data-element_type=\"column\">\n\t\t\t<div class=\"elementor-widget-wrap elementor-element-populated\">\n\t\t\t\t\t\t\t\t<div class=\"elementor-element elementor-element-4c0b71f animated-slow elementor-invisible elementor-widget elementor-widget-heading\" data-id=\"4c0b71f\" data-element_type=\"widget\" data-settings=\"{&quot;_animation&quot;:&quot;fadeIn&quot;}\" data-widget_type=\"heading.default\">\n\t\t\t\t<div class=\"elementor-widget-container\">\n\t\t\t<style>\/*! elementor - v3.7.8 - 02-10-2022 *\/\n.elementor-heading-title{padding:0;margin:0;line-height:1}.elementor-widget-heading .elementor-heading-title[class*=elementor-size-]>a{color:inherit;font-size:inherit;line-height:inherit}.elementor-widget-heading .elementor-heading-title.elementor-size-small{font-size:15px}.elementor-widget-heading .elementor-heading-title.elementor-size-medium{font-size:19px}.elementor-widget-heading .elementor-heading-title.elementor-size-large{font-size:29px}.elementor-widget-heading .elementor-heading-title.elementor-size-xl{font-size:39px}.elementor-widget-heading .elementor-heading-title.elementor-size-xxl{font-size:59px}<\/style><h1 class=\"elementor-heading-title elementor-size-xxl\">VI LEVERERAR<\/h1>\t\t<\/div>\n\t\t\t\t<\/div>\n\t\t\t\t<div class=\"elementor-element elementor-element-6f66cb3 animated-slow elementor-invisible elementor-widget elementor-widget-heading\" data-id=\"6f66cb3\" data-element_type=\"widget\" data-settings=\"{&quot;_animation&quot;:&quot;fadeIn&quot;,&quot;_animation_delay&quot;:600}\" data-widget_type=\"heading.default\">\n\t\t\t\t<div class=\"elementor-widget-container\">\n\t\t\t<h1 class=\"elementor-heading-title elementor-size-xxl\">KOMPLETTA L\u00d6SNINGAR<\/h1>\t\t<\/div>\n\t\t\t\t<\/div>\n\t\t\t\t<div class=\"elementor-element elementor-element-1e29804 animated-slow elementor-invisible elementor-widget elementor-widget-heading\" data-id=\"1e29804\" data-element_type=\"widget\" data-settings=\"{&quot;_animation&quot;:&quot;fadeIn&quot;,&quot;_animation_delay&quot;:1200}\" data-widget_type=\"heading.default\">\n\t\t\t\t<div class=\"elementor-widget-container\">\n\t\t\t<h1 class=\"elementor-heading-title elementor-size-large\">Vi jobbar med alla f\u00f6rekommande installationer<br>och service inom el, tele, solceller och elbilsladdare<\/h1>\t\t<\/div>\n\t\t\t\t<\/div>\n\t\t\t\t\t<\/div>\n\t\t<\/div>\n\t\t\t\t\t\t\t<\/div>\n\t\t<\/section>\n\t\t\t\t<section class=\"elementor-section elementor-top-section elementor-element elementor-element-deffb4d elementor-section-height-min-height elementor-section-items-top elementor-section-boxed elementor-section-height-default\" data-id=\"deffb4d\" data-element_type=\"section\" data-settings=\"{&quot;background_background&quot;:&quot;classic&quot;}\">\n\t\t\t\t\t\t<div class=\"elementor-container elementor-column-gap-default\">\n\t\t\t\t\t<div class=\"elementor-column elementor-col-33 elementor-top-column elementor-element elementor-element-b38b2d0\" data-id=\"b38b2d0\" data-element_type=\"column\">\n\t\t\t<div class=\"elementor-widget-wrap elementor-element-populated\">\n\t\t\t\t\t\t\t\t<div class=\"elementor-element elementor-element-5feec02 elementor-widget elementor-widget-text-editor\" data-id=\"5feec02\" data-element_type=\"widget\" data-settings=\"{&quot;_animation&quot;:&quot;none&quot;}\" data-widget_type=\"text-editor.default\">\n\t\t\t\t<div class=\"elementor-widget-container\">\n\t\t\t<style>\/*! elementor - v3.7.8 - 02-10-2022 *\/\n.elementor-widget-text-editor.elementor-drop-cap-view-stacked .elementor-drop-cap{background-color:#818a91;color:#fff}.elementor-widget-text-editor.elementor-drop-cap-view-framed .elementor-drop-cap{color:#818a91;border:3px solid;background-color:transparent}.elementor-widget-text-editor:not(.elementor-drop-cap-view-default) .elementor-drop-cap{margin-top:8px}.elementor-widget-text-editor:not(.elementor-drop-cap-view-default) .elementor-drop-cap-letter{width:1em;height:1em}.elementor-widget-text-editor .elementor-drop-cap{float:left;text-align:center;line-height:1;font-size:50px}.elementor-widget-text-editor .elementor-drop-cap-letter{display:inline-block}<\/style>\t\t\t\t<p>070-108 48 01<\/p><p>054-20 35 20<\/p>\t\t\t\t\t\t<\/div>\n\t\t\t\t<\/div>\n\t\t\t\t<div class=\"elementor-element elementor-element-ab8d0f5 elementor-widget elementor-widget-text-editor\" data-id=\"ab8d0f5\" data-element_type=\"widget\" data-settings=\"{&quot;_animation&quot;:&quot;none&quot;}\" data-widget_type=\"text-editor.default\">\n\t\t\t\t<div class=\"elementor-widget-container\">\n\t\t\t\t\t\t\t<p>MARTIN PETERSON<\/p>\t\t\t\t\t\t<\/div>\n\t\t\t\t<\/div>\n\t\t\t\t\t<\/div>\n\t\t<\/div>\n\t\t\t\t<div class=\"elementor-column elementor-col-33 elementor-top-column elementor-element elementor-element-e3aa8b2\" data-id=\"e3aa8b2\" data-element_type=\"column\">\n\t\t\t<div class=\"elementor-widget-wrap elementor-element-populated\">\n\t\t\t\t\t\t\t\t<div class=\"elementor-element elementor-element-b3964d7 elementor-widget elementor-widget-text-editor\" data-id=\"b3964d7\" data-element_type=\"widget\" data-widget_type=\"text-editor.default\">\n\t\t\t\t<div class=\"elementor-widget-container\">\n\t\t\t\t\t\t\t<p>070-566 24 49<\/p><p>054-20 35 20<\/p>\t\t\t\t\t\t<\/div>\n\t\t\t\t<\/div>\n\t\t\t\t<div class=\"elementor-element elementor-element-4a692c2 elementor-widget elementor-widget-text-editor\" data-id=\"4a692c2\" data-element_type=\"widget\" data-widget_type=\"text-editor.default\">\n\t\t\t\t<div class=\"elementor-widget-container\">\n\t\t\t\t\t\t\t<p>ALEXANDER HENRIKSSON<\/p>\t\t\t\t\t\t<\/div>\n\t\t\t\t<\/div>\n\t\t\t\t\t<\/div>\n\t\t<\/div>\n\t\t\t\t<div class=\"elementor-column elementor-col-33 elementor-top-column elementor-element elementor-element-03f5d51\" data-id=\"03f5d51\" data-element_type=\"column\">\n\t\t\t<div class=\"elementor-widget-wrap elementor-element-populated\">\n\t\t\t\t\t\t\t\t<div class=\"elementor-element elementor-element-3f0b91f elementor-widget elementor-widget-text-editor\" data-id=\"3f0b91f\" data-element_type=\"widget\" data-widget_type=\"text-editor.default\">\n\t\t\t\t<div class=\"elementor-widget-container\">\n\t\t\t\t\t\t\t<p><br><\/p>\n<p><br><\/p><p>info@elinstallatorenab.se<\/p>\n<p><br><\/p>\t\t\t\t\t\t<\/div>\n\t\t\t\t<\/div>\n\t\t\t\t\t<\/div>\n\t\t<\/div>\n\t\t\t\t\t\t\t<\/div>\n\t\t<\/section>\n\t\t\t\t\t\t\t<\/div>\n\t\t","protected":false},"excerpt":{"rendered":"<p>VI LEVERERAR KOMPLETTA L\u00d6SNINGAR Vi jobbar med alla f\u00f6rekommande installationeroch service inom el, tele, solceller och elbilsladdare 070-108 48 01 054-20 35 20 MARTIN PETERSON 070-566 24 49 054-20 35 20 ALEXANDER HENRIKSSON info@elinstallatorenab.se<\/p>\n","protected":false},"author":1,"featured_media":0,"parent":0,"menu_order":0,"comment_status":"closed","ping_status":"closed","template":"","meta":[],"yoast_head":"<!-- This site is optimized with the Yoast SEO plugin v19.5.1 - https:\/\/yoast.com\/wordpress\/plugins\/seo\/ -->\n<title>Elinstallat\u00f6ren i Karlstad AB<\/title>\n<meta name=\"description\" content=\"Vi levererar kompletta l\u00f6sningar och jobbar med alla f\u00f6rekommande installationer och service inom el och tele.\" \/>\n<meta name=\"robots\" content=\"index, follow, max-snippet:-1, max-image-preview:large, max-video-preview:-1\" \/>\n<link rel=\"canonical\" href=\"https:\/\/elinstallatorenab.se\/\" \/>\n<meta property=\"og:locale\" content=\"sv_SE\" \/>\n<meta property=\"og:type\" content=\"article\" \/>\n<meta property=\"og:title\" content=\"Elinstallat\u00f6ren i Karlstad AB\" \/>\n<meta property=\"og:description\" content=\"Vi levererar kompletta l\u00f6sningar och jobbar med alla f\u00f6rekommande installationer och service inom el och tele.\" \/>\n<meta property=\"og:url\" content=\"https:\/\/elinstallatorenab.se\/\" \/>\n<meta property=\"article:modified_time\" content=\"2022-10-04T10:54:11+00:00\" \/>\n<meta name=\"twitter:card\" content=\"summary_large_image\" \/>\n<meta name=\"twitter:label1\" content=\"Ber\u00e4knad l\u00e4stid\" \/>\n\t<meta name=\"twitter:data1\" content=\"1 minut\" \/>\n<script type=\"application\/ld+json\" class=\"yoast-schema-graph\">{\"@context\":\"https:\/\/schema.org\",\"@graph\":[{\"@type\":\"WebPage\",\"@id\":\"https:\/\/elinstallatorenab.se\/\",\"url\":\"https:\/\/elinstallatorenab.se\/\",\"name\":\"Elinstallat\u00f6ren i Karlstad AB\",\"isPartOf\":{\"@id\":\"https:\/\/elinstallatorenab.se\/#website\"},\"datePublished\":\"2022-08-22T12:40:14+00:00\",\"dateModified\":\"2022-10-04T10:54:11+00:00\",\"description\":\"Vi levererar kompletta l\u00f6sningar och jobbar med alla f\u00f6rekommande installationer och service inom el och tele.\",\"breadcrumb\":{\"@id\":\"https:\/\/elinstallatorenab.se\/#breadcrumb\"},\"inLanguage\":\"sv-SE\",\"potentialAction\":[{\"@type\":\"ReadAction\",\"target\":[\"https:\/\/elinstallatorenab.se\/\"]}]},{\"@type\":\"BreadcrumbList\",\"@id\":\"https:\/\/elinstallatorenab.se\/#breadcrumb\",\"itemListElement\":[{\"@type\":\"ListItem\",\"position\":1,\"name\":\"Hem\",\"item\":\"https:\/\/elinstallatorenab.se\/\"},{\"@type\":\"ListItem\",\"position\":2,\"name\":\"Homepage\"}]},{\"@type\":\"WebSite\",\"@id\":\"https:\/\/elinstallatorenab.se\/#website\",\"url\":\"https:\/\/elinstallatorenab.se\/\",\"name\":\"\",\"description\":\"\",\"potentialAction\":[{\"@type\":\"SearchAction\",\"target\":{\"@type\":\"EntryPoint\",\"urlTemplate\":\"https:\/\/elinstallatorenab.se\/?s={search_term_string}\"},\"query-input\":\"required name=search_term_string\"}],\"inLanguage\":\"sv-SE\"}]}<\/script>\n<!-- \/ Yoast SEO plugin. -->","yoast_head_json":{"title":"Elinstallat\u00f6ren i Karlstad AB","description":"Vi levererar kompletta l\u00f6sningar och jobbar med alla f\u00f6rekommande installationer och service inom el och tele.","robots":{"index":"index","follow":"follow","max-snippet":"max-snippet:-1","max-image-preview":"max-image-preview:large","max-video-preview":"max-video-preview:-1"},"canonical":"https:\/\/elinstallatorenab.se\/","og_locale":"sv_SE","og_type":"article","og_title":"Elinstallat\u00f6ren i Karlstad AB","og_description":"Vi levererar kompletta l\u00f6sningar och jobbar med alla f\u00f6rekommande installationer och service inom el och tele.","og_url":"https:\/\/elinstallatorenab.se\/","article_modified_time":"2022-10-04T10:54:11+00:00","twitter_card":"summary_large_image","twitter_misc":{"Ber\u00e4knad l\u00e4stid":"1 minut"},"schema":{"@context":"https:\/\/schema.org","@graph":[{"@type":"WebPage","@id":"https:\/\/elinstallatorenab.se\/","url":"https:\/\/elinstallatorenab.se\/","name":"Elinstallat\u00f6ren i Karlstad AB","isPartOf":{"@id":"https:\/\/elinstallatorenab.se\/#website"},"datePublished":"2022-08-22T12:40:14+00:00","dateModified":"2022-10-04T10:54:11+00:00","description":"Vi levererar kompletta l\u00f6sningar och jobbar med alla f\u00f6rekommande installationer och service inom el och tele.","breadcrumb":{"@id":"https:\/\/elinstallatorenab.se\/#breadcrumb"},"inLanguage":"sv-SE","potentialAction":[{"@type":"ReadAction","target":["https:\/\/elinstallatorenab.se\/"]}]},{"@type":"BreadcrumbList","@id":"https:\/\/elinstallatorenab.se\/#breadcrumb","itemListElement":[{"@type":"ListItem","position":1,"name":"Hem","item":"https:\/\/elinstallatorenab.se\/"},{"@type":"ListItem","position":2,"name":"Homepage"}]},{"@type":"WebSite","@id":"https:\/\/elinstallatorenab.se\/#website","url":"https:\/\/elinstallatorenab.se\/","name":"","description":"","potentialAction":[{"@type":"SearchAction","target":{"@type":"EntryPoint","urlTemplate":"https:\/\/elinstallatorenab.se\/?s={search_term_string}"},"query-input":"required name=search_term_string"}],"inLanguage":"sv-SE"}]}},"_links":{"self":[{"href":"https:\/\/elinstallatorenab.se\/index.php\/wp-json\/wp\/v2\/pages\/102"}],"collection":[{"href":"https:\/\/elinstallatorenab.se\/index.php\/wp-json\/wp\/v2\/pages"}],"about":[{"href":"https:\/\/elinstallatorenab.se\/index.php\/wp-json\/wp\/v2\/types\/page"}],"author":[{"embeddable":true,"href":"https:\/\/elinstallatorenab.se\/index.php\/wp-json\/wp\/v2\/users\/1"}],"replies":[{"embeddable":true,"href":"https:\/\/elinstallatorenab.se\/index.php\/wp-json\/wp\/v2\/comments?post=102"}],"version-history":[{"count":101,"href":"https:\/\/elinstallatorenab.se\/index.php\/wp-json\/wp\/v2\/pages\/102\/revisions"}],"predecessor-version":[{"id":272,"href":"https:\/\/elinstallatorenab.se\/index.php\/wp-json\/wp\/v2\/pages\/102\/revisions\/272"}],"wp:attachment":[{"href":"https:\/\/elinstallatorenab.se\/index.php\/wp-json\/wp\/v2\/media?parent=102"}],"curies":[{"name":"wp","href":"https:\/\/api.w.org\/{rel}","templated":true}]}}